{"id":2,"date":"2013-05-31T14:18:24","date_gmt":"2013-05-31T14:18:24","guid":{"rendered":"https:\/\/visual-army.com\/?page_id=2"},"modified":"2023-12-21T00:06:17","modified_gmt":"2023-12-21T00:06:17","slug":"inicio","status":"publish","type":"page","link":"https:\/\/visual-army.com\/","title":{"rendered":"home"},"content":{"rendered":"<section class=\"cs-section\"><div class=\"container\"><div class=\"row\"><div class=\"col-md-12\"><div class=\"cs-column-inner\">[vc_empty_space]<div class=\"cs-column-text\"><h1 style=\"text-align: center;\"><span style=\"font-size: 18pt;\">VISUAL ARMY<\/span><\/h1>\n<\/div>[vc_empty_space height=\u00bb30px\u00bb]<div class=\"cs-column-text vc_custom_1703117174069\"><p style=\"text-align: center;\"><strong>Visual Army<\/strong> realiza renders de arquitectura e infografias de cualquier tipo de proyecto 3D, tratadas de una forma sensible desde los conceptos de la luz, sombra, textura y color.<\/p>\n<p style=\"text-align: center;\">Nuestro estudio ha sido creado por un grupo de arquitectos, dise\u00f1adores y profesionales del marketing, con la intenci\u00f3n de dise\u00f1ar nuestros renders arquitect\u00f3nicos, siendo fieles al concepto y la esencia de los proyectos para los que fueron creadas.<br \/>\n<a href=\"https:\/\/visual-army.com\/wp-content\/uploads\/2013\/05\/visual_army_favicon.png\" rel=\"attachment wp-att-180\"><img loading=\"lazy\" decoding=\"async\" class=\"aligncenter wp-image-180\" src=\"https:\/\/visual-army.com\/wp-content\/uploads\/2013\/05\/visual_army_favicon.png\" alt=\"visual_army_favicon\" width=\"50\" height=\"48\" \/><\/a><\/p>\n<\/div>[vc_empty_space height=\u00bb19px\u00bb][vc_media_grid grid_id=\u00bbvc_gid:1703117141857-978e9eca-eb7a-4&#8243; include=\u00bb3885,1473,3884,1477,3883,1056,3887,1456,1482&#8243;][vc_empty_space height=\u00bb15px\u00bb]<div class=\"cs-column-text vc_custom_1703117112256\"><p style=\"text-align: center;\">Nos dedicamos a la realizaci\u00f3n de <strong>im\u00e1genes 3D de arquitectura, interiorismo y producto<\/strong>, para cualquier tipo de proyectos. Realizamos renders de arquitectura exterior, infografias interiores, im\u00e1genes conceptuales de arquitectura, direcci\u00f3n de arte y mobiliario.<\/p>\n<p style=\"text-align: center;\">Estamos en Barcelona, pero realizamos trabajos a cualquier parte del mundo. Nuestro sistema de trabajo propio y propuesta de valor nos permite realizar proyectos en \u00f3ptimas condiciones.<\/p>\n<p style=\"text-align: center;\">Entendemos los proyectos de una manera global y podemos trabajar sobre un\u00a0modelo 3d.<\/p>\n<p style=\"text-align: center;\">Coherencia, planificaci\u00f3n y estructura son algunos de los factores que no pueden desentenderse en un proyecto de arquitectura. Es por eso, que en <strong>Visual Army<\/strong> tenemos un proceso de creaci\u00f3n de im\u00e1genes y v\u00eddeos de arquitectura 3D propio, centrando todo nuestro trabajo en potenciar el proyecto y sus conceptos esenciales.<\/p>\n<\/div>[vc_empty_space height=\u00bb55px\u00bb]<\/div><\/div><\/div><\/div><\/section><section class=\"cs-section\"><div class=\"container\"><div class=\"row\"><div class=\"col-md-12\"><div class=\"cs-column-inner\"><div class=\"cs-column-text\"><h2 style=\"text-align: center;\"><span style=\"font-size: 18pt;\">TIPOS DE RENDERS QUE REALIZAMOS<\/span><\/h2>\n<\/div>[vc_empty_space height=\u00bb40px\u00bb]<section class=\"cs-section\"><div class=\"container\"><div class=\"row\"><div class=\"col-md-3\"><div class=\"cs-column-inner\"><div class=\"cs-column-text\"><h3 style=\"text-align: center;\"><span style=\"font-size: 10pt;\">RENDER CONCURSO<\/span><\/h3>\n<\/div>[vc_empty_space height=\u00bb15px\u00bb]<\/div><\/div><div class=\"col-md-3\"><div class=\"cs-column-inner\"><div class=\"cs-column-text\"><h3 style=\"text-align: center;\"><span style=\"font-size: 10pt;\">RENDER EXTERIOR<\/span><\/h3>\n<\/div>[vc_empty_space height=\u00bb15px\u00bb]<\/div><\/div><div class=\"col-md-3\"><div class=\"cs-column-inner\"><div class=\"cs-column-text\"><h3 style=\"text-align: center;\"><span style=\"font-size: 10pt;\">RENDER INTERIOR<\/span><\/h3>\n<\/div>[vc_empty_space height=\u00bb15px\u00bb]<\/div><\/div><div class=\"col-md-3\"><div class=\"cs-column-inner\"><div class=\"cs-column-text\"><h3 style=\"text-align: center;\"><span style=\"font-size: 10pt;\">RENDER PRODUCTO<\/span><\/h3>\n<\/div>[vc_empty_space height=\u00bb15px\u00bb]<\/div><\/div><\/div><\/div><\/section>[vc_masonry_media_grid element_width=\u00bb3&#8243; item=\u00bbmediaGrid_Default\u00bb grid_id=\u00bbvc_gid:1703117141861-2d3c0cc7-f06f-0&#8243; include=\u00bb3927,3937,3909,3901&#8243;][vc_empty_space]<div class=\"cs-btn-align text-center\"><a href=\"http:\/\/visual-army.com\/servicios-infografia-3d\/\" class=\"cs-btn cs-btn-custom cs-btn-square cs-btn-custom-own cs-btn-md cs-btn-no-uppercase cs-btn-no-bold cs-btn-custom-69f9e114d0ccb\">Ver servicios<\/a><\/div>[vc_empty_space height=\u00bb55px\u00bb]<\/div><\/div><\/div><\/div><\/section><section class=\"cs-section\" style=\" background-color: #f9f9f9;\"><div class=\"container\"><div class=\"row\"><div class=\"col-md-12\"><div class=\"cs-column-inner\">[vc_empty_space height=\u00bb25px\u00bb]<div class=\"cs-column-text\"><p style=\"text-align: center;\">Si tienes un proyecto de arquitectura, concurso o idea,<\/p>\n<p style=\"text-align: center;\">CONT\u00c1CTANOS<\/p>\n<\/div>[vc_empty_space height=\u00bb7px\u00bb]<div class=\"cs-btn-align text-center\"><a href=\"http:\/\/visual-army.com\/contacto\/\" class=\"cs-btn cs-btn-custom cs-btn-square cs-btn-custom-own cs-btn-md cs-btn-no-uppercase cs-btn-no-bold cs-btn-custom-69f9e114d0d45\">info@visual-army.com<\/a><\/div>[vc_empty_space height=\u00bb35px\u00bb]<\/div><\/div><\/div><\/div><\/section><section class=\"cs-section\"><div class=\"container\"><div class=\"row\"><div class=\"col-md-12\"><div class=\"cs-column-inner\">[vc_empty_space height=\u00bb50px\u00bb][vc_custom_heading text=\u00bbComunidad Visual Army\u00bb font_container=\u00bbtag:h3|font_size:12|text_align:center|color:%23707070&#8243; google_fonts=\u00bbfont_family:Muli%3A300%2C300italic%2Cregular%2Citalic|font_style:400%20regular%3A400%3Anormal\u00bb][vc_empty_space height=\u00bb40px\u00bb]<\/div><\/div><\/div><\/div><\/section>\n","protected":false},"excerpt":{"rendered":"<p><span class=\"entry-read-more\"><a href=\"https:\/\/visual-army.com\/\" class=\"cs-btn cs-btn-flat cs-btn-rounded cs-btn-xxs cs-btn-flat-accent\">Leer m\u00e1s<\/a><\/span><\/p>\n","protected":false},"author":1,"featured_media":3302,"parent":0,"menu_order":1,"comment_status":"open","ping_status":"closed","template":"templates\/page-full-100-width.php","meta":{"footnotes":""},"class_list":["post-2","page","type-page","status-publish","has-post-thumbnail","hentry"],"_links":{"self":[{"href":"https:\/\/visual-army.com\/index.php?rest_route=\/wp\/v2\/pages\/2","targetHints":{"allow":["GET"]}}],"collection":[{"href":"https:\/\/visual-army.com\/index.php?rest_route=\/wp\/v2\/pages"}],"about":[{"href":"https:\/\/visual-army.com\/index.php?rest_route=\/wp\/v2\/types\/page"}],"author":[{"embeddable":true,"href":"https:\/\/visual-army.com\/index.php?rest_route=\/wp\/v2\/users\/1"}],"replies":[{"embeddable":true,"href":"https:\/\/visual-army.com\/index.php?rest_route=%2Fwp%2Fv2%2Fcomments&post=2"}],"version-history":[{"count":60,"href":"https:\/\/visual-army.com\/index.php?rest_route=\/wp\/v2\/pages\/2\/revisions"}],"predecessor-version":[{"id":4000,"href":"https:\/\/visual-army.com\/index.php?rest_route=\/wp\/v2\/pages\/2\/revisions\/4000"}],"wp:featuredmedia":[{"embeddable":true,"href":"https:\/\/visual-army.com\/index.php?rest_route=\/wp\/v2\/media\/3302"}],"wp:attachment":[{"href":"https:\/\/visual-army.com\/index.php?rest_route=%2Fwp%2Fv2%2Fmedia&parent=2"}],"curies":[{"name":"wp","href":"https:\/\/api.w.org\/{rel}","templated":true}]}}