{"id":62,"date":"2016-03-03T12:08:51","date_gmt":"2016-03-03T12:08:51","guid":{"rendered":"https:\/\/visual-army.com\/?page_id=62"},"modified":"2023-12-21T00:10:34","modified_gmt":"2023-12-21T00:10:34","slug":"nosotros-renders","status":"publish","type":"page","link":"https:\/\/visual-army.com\/?page_id=62","title":{"rendered":"nosotros"},"content":{"rendered":"<section class=\"cs-section\"><div class=\"container\"><div class=\"row\"><div class=\"col-md-12\"><div class=\"cs-column-inner\">[vc_empty_space height=\u00bb70px\u00bb]<div class=\"cs-column-text text-center cs-text-white\"><h1 class=\"cs-text-white\" style=\"text-align: center;\"><span style=\"color: #000000; font-size: 18pt;\">QUIEN SOMOS<\/span><\/h1>\n<\/div>[vc_empty_space height=\u00bb30px\u00bb]<div class=\"cs-column-text\"><p style=\"text-align: center;\">Somos un equipo de arquitectos y dise\u00f1adores, que participan en la creaci\u00f3n de im\u00e1genes digitales de arquitectura, realizamos renders, infograf\u00eda 3D y proyectos de arquitectura focalizando nuestro dise\u00f1o en potenciar y resaltar el concepto y la esencia del proyecto.<\/p>\n<p style=\"text-align: center;\"><a href=\"https:\/\/visual-army.com\/wp-content\/uploads\/2013\/05\/visual_army_favicon.png\" rel=\"attachment wp-att-180\"><img loading=\"lazy\" decoding=\"async\" class=\"alignnone wp-image-180\" src=\"https:\/\/visual-army.com\/wp-content\/uploads\/2013\/05\/visual_army_favicon.png\" alt=\"visual_army_favicon\" width=\"50\" height=\"48\" \/><\/a><\/p>\n<\/div>[vc_empty_space height=\u00bb40px\u00bb]<\/div><\/div><\/div><\/div><\/section><section class=\"cs-section lg-padding cs-section-cover-bg\" style=\"background-image: url(https:\/\/visual-army.com\/wp-content\/uploads\/2017\/12\/flight-mountains-sky-flying2001.png); background-position: 50% 50%; background-color: #000000; color: #1e1e1e;\"><div class=\"container-fluid\"><div class=\"row\"><div class=\"col-md-12\"><div class=\"cs-column-inner\"><div class=\"cs-column-text text-center cs-text-white\"><h3 class=\"cs-text-white\"><span style=\"color: #000000;\">NUESTRAS HABILIDADES<\/span><\/h3>\n<\/div><div class=\"cs-column-text text-center cs-text-white\"><p><span style=\"color: #333333;\">Visual Army utiliza todas sus\u00a0habilidades en la creaci\u00f3n de renders e im\u00e1genes de arquitectura con la finalidad de mejorar los proyectos<\/span><\/p>\n<\/div><hr class=\"cs-space\"><section class=\"cs-section\"><div class=\"container\"><div class=\"row\"><div class=\"col-md-2\"><div class=\"cs-column-inner\"><div class=\"cs-piechart-wrap\"><div class=\"cs-piechart\" data-percent=\"95\" data-bar-color=\"#ffffff\" data-track-color=\"#ffffff\" data-line-width=\"2\" style=\"color:#000000;\"><h4 class=\"cs-piechart-text\"><span class=\"cs-piecount\" data-to=\"95\">95<\/span><span class=\"prefix\">%<\/span><\/h4><\/div><h6 class=\"cs-piechart-title\" style=\"color:#191919;\">DISE\u00d1O<\/h6><\/div><\/div><\/div><div class=\"col-md-2\"><div class=\"cs-column-inner\"><div class=\"cs-piechart-wrap\"><div class=\"cs-piechart\" data-percent=\"99\" data-bar-color=\"#ffffff\" data-track-color=\"#ffffff\" data-line-width=\"2\" style=\"color:#191919;\"><h4 class=\"cs-piechart-text\"><span class=\"cs-piecount\" data-to=\"99\">99<\/span><span class=\"prefix\">%<\/span><\/h4><\/div><h6 class=\"cs-piechart-title\" style=\"color:#191919;\">POSTPRODUCCI\u00d3N<\/h6><\/div><\/div><\/div><div class=\"col-md-2\"><div class=\"cs-column-inner\"><div class=\"cs-piechart-wrap\"><div class=\"cs-piechart\" data-percent=\"85\" data-bar-color=\"#ffffff\" data-track-color=\"#ffffff\" data-line-width=\"2\" style=\"color:#191919;\"><h4 class=\"cs-piechart-text\"><span class=\"cs-piecount\" data-to=\"85\">85<\/span><span class=\"prefix\">%<\/span><\/h4><\/div><h6 class=\"cs-piechart-title\" style=\"color:#191919;\">MODELOS 3D<\/h6><\/div><\/div><\/div><div class=\"col-md-2\"><div class=\"cs-column-inner\"><div class=\"cs-piechart-wrap\"><div class=\"cs-piechart\" data-percent=\"80\" data-bar-color=\"#ffffff\" data-track-color=\"#ffffff\" data-line-width=\"2\" style=\"color:#191919;\"><h4 class=\"cs-piechart-text\"><span class=\"cs-piecount\" data-to=\"80\">80<\/span><span class=\"prefix\">%<\/span><\/h4><\/div><h6 class=\"cs-piechart-title\" style=\"color:#191919;\">RENDER<\/h6><\/div><\/div><\/div><div class=\"col-md-2\"><div class=\"cs-column-inner\"><div class=\"cs-piechart-wrap\"><div class=\"cs-piechart\" data-percent=\"98\" data-bar-color=\"#ffffff\" data-track-color=\"#ffffff\" data-line-width=\"2\" style=\"color:#191919;\"><h4 class=\"cs-piechart-text\"><span class=\"cs-piecount\" data-to=\"98\">98<\/span><span class=\"prefix\">%<\/span><\/h4><\/div><h6 class=\"cs-piechart-title\" style=\"color:#191919;\">CONOCIMIENTO DE ARQ<\/h6><\/div><\/div><\/div><div class=\"col-md-2\"><div class=\"cs-column-inner\"><div class=\"cs-piechart-wrap\"><div class=\"cs-piechart\" data-percent=\"95\" data-bar-color=\"#ffffff\" data-track-color=\"#ffffff\" data-line-width=\"2\" style=\"color:#191919;\"><h4 class=\"cs-piechart-text\"><span class=\"cs-piecount\" data-to=\"95\">95<\/span><span class=\"prefix\">%<\/span><\/h4><\/div><h6 class=\"cs-piechart-title\" style=\"color:#191919;\">R\u00c1PIDO &amp; ELEGANTE<\/h6><\/div><\/div><\/div><\/div><\/div><\/section><\/div><\/div><\/div><\/div><\/section><section class=\"cs-section\"><div class=\"container-fluid\"><div class=\"row\"><div class=\"col-md-12\"><div class=\"cs-column-inner\">[vc_empty_space height=\u00bb60px\u00bb]<div class=\"cs-column-text text-center cs-text-white\"><h3 style=\"text-align: center;\"><span style=\"color: #000000;\"><b>PROCESO DE TRABAJO RENDERS DE VISUAL ARMY<\/b><\/span><\/h3>\n<\/div>[vc_empty_space height=\u00bb27px\u00bb]<\/div><\/div><\/div><\/div><\/section><section class=\"cs-section\"><div class=\"container\"><div class=\"row\"><div class=\"col-md-12\"><div class=\"cs-column-inner\">[vc_empty_space height=\u00bb10px\u00bb]<div class=\"cs-column-text\"><p><strong>Contacto arquitecto:<\/strong> Recibimos el proyecto de arquitectura, para conocer las ideas y conceptos que se quieren transmitir con las im\u00e1genes. El n\u00famero de im\u00e1genes, plazos de entrega, y se pedir\u00e1n los documentos necesarios del proyecto, planos, dibujos, etc&#8230; para realizar un presupuesto.<\/p>\n<p><strong>Modelado 3D:<\/strong> Se empieza el trabajo de modelado 3D, trabajando la volumetr\u00eda general del proyecto, para encajar y crear las diferentes escenas de cada imagen. Creamos un modelado espec\u00edfico pensando en los detalles que tendr\u00e1 cada imagen para obtener un resultado \u00f3ptimo.<\/p>\n<p><strong>Encajes vistas:<\/strong> Una vez tenemos el proyecto modelado en 3D, procedemos a encajar las diferentes vistas seleccionadas previamente. La idea es sacar el mayor potencial a cada escena, con la intenci\u00f3n de mostrar los diferentes aspectos. Se mostrar\u00e1n los renders previos en blanco al cliente, para realizar las correcciones necesarias para determinar los puntos de vista finales.<\/p>\n<p><strong>Escena final:<\/strong> Una vez aprobados los diferentes puntos de vista, empezamos el trabajo de final de modelado, introducimos los detalles de decoraci\u00f3n de la escena. Tambi\u00e9n se trabajar\u00e1n aspectos finales de texturas y materiales del proyecto junto con la integraci\u00f3n de la iluminaci\u00f3n y ambiente de la escena final.<\/p>\n<p><strong>Previo final:<\/strong> Mostramos un render previo para concretar posibles cambios y ajustes, con el objetivo de poder hacer modificaciones y conseguir al dise\u00f1o final.<\/p>\n<p><strong>Renderizado Final:<\/strong> Una vez concretados todos los aspectos finales de la imagen, modelado, detalles, materiales e iluminaci\u00f3n. Se realiza el <strong>renderizado<\/strong> final para obtener los <em>renders en Alta Resoluci\u00f3n<\/em>.<\/p>\n<p><strong>Finalizaci\u00f3n de la imagen:<\/strong> Finalmente, trabajamos los acabados finales de postproducci\u00f3n de la imagen, la luz, la sombra, los materiales, las texturas, y el color. Para conseguir la atm\u00f3sfera final del proyecto y potenciar los conceptos y la esencia del proyecto.<\/p>\n<p><strong>Entrega de la imagen y pago:<\/strong> Una vez realizado el pago, se entregan las im\u00e1genes en Alta Resoluci\u00f3n.<\/p>\n<\/div>[vc_empty_space height=\u00bb10px\u00bb]<\/div><\/div><\/div><\/div><\/section><section class=\"cs-section\"><div class=\"container\"><div class=\"row\"><div class=\"col-md-12\"><div class=\"cs-column-inner\">[vc_empty_space]<\/div><\/div><\/div><\/div><\/section><section class=\"cs-section lg-padding text-center\" style=\" background-color: #f9f9f9; color: #707070;\"><div class=\"container\"><div class=\"row\"><div class=\"col-md-12\"><div class=\"cs-column-inner\">[vc_empty_space]<div class=\"cs-column-text text-center cs-text-black\"><h3 class=\"cs-text-white\"><span style=\"color: #000000;\">NUESTRO TRABAJO POR EL MUNDO<\/span><\/h3>\n<\/div>[vc_empty_space height=\u00bb20&#8243;]<a href=\"http:\/\/visual-army.com\/contacto\/\" class=\"cs-btn cs-btn-custom cs-btn-square cs-btn-custom-own cs-btn-md cs-btn-no-uppercase cs-btn-no-bold cs-btn-custom-69f9f437a01cc\">cont\u00e1ctanos<\/a>[vc_empty_space height=\u00bb20&#8243;][vc_single_image image=\u00bb1032&#8243; img_size=\u00bblarge\u00bb alignment=\u00bbcenter\u00bb]<div class=\"cs-column-text\"><h6 style=\"text-align: center;\"><span style=\"color: #707070;\">Amsterdam \u00a0 Andorra \u00a0 Barcelona \u00a0 Belgrade \u00a0 Bolzano \u00a0 Canc\u00fan \u00a0 Formentera \u00a0 Frankfurt \u00a0 Geneve \u00a0 Kigali \u00a0 Ibiza \u00a0 London \u00a0 Los Angeles \u00a0 Luzern \u00a0 Lugano\u00a0 \u00a0Luxemburg\u00a0 \u00a0Mallorca<\/span><\/h6>\n<h6 style=\"text-align: center;\"><span style=\"color: #707070;\">Madrid\u00a0 \u00a0Menorca\u00a0 \u00a0Milano \u00a0 Minneapolis \u00a0 Munich \u00a0 New York \u00a0 <\/span><span style=\"color: #707070;\">Pamplona\u00a0 \u00a0Paris\u00a0 Praha \u00a0 Sankt Moritz \u00a0 Sevilla \u00a0 Sydney \u00a0 Tokyo \u00a0 Valencia \u00a0 Zuoz \u00a0 Zurich<\/span><\/h6>\n<\/div><\/div><\/div><\/div><\/div><\/section><section class=\"cs-section\"><div class=\"container\"><div class=\"row\"><div class=\"col-md-12\"><div class=\"cs-column-inner\">[vc_empty_space height=\u00bb50px\u00bb css=\u00bb.vc_custom_1461263061861{background-color: #ffffff !important;}\u00bb]<div class=\"cs-column-text\"><p style=\"text-align: center;\"><span style=\"color: #707070;\"><a href=\"mailto:info@visualarmy.com\">info@visual-army.com<\/a><\/span><\/p>\n<p style=\"text-align: center;\"><a href=\"https:\/\/visual-army.com\/wp-content\/uploads\/2013\/05\/visual_army_favicon.png\" rel=\"attachment wp-att-180\"><img loading=\"lazy\" decoding=\"async\" class=\"alignnone wp-image-180\" src=\"https:\/\/visual-army.com\/wp-content\/uploads\/2013\/05\/visual_army_favicon.png\" alt=\"visual_army_favicon\" width=\"45\" height=\"43\" \/><\/a><\/p>\n<\/div>[vc_empty_space height=\u00bb20px\u00bb]<\/div><\/div><\/div><\/div><\/section><section class=\"cs-section\"><div class=\"container\"><div class=\"row\"><div class=\"col-md-4\"><div class=\"cs-column-inner\">[vc_empty_space]<\/div><\/div><div class=\"col-md-4\"><div class=\"cs-column-inner\">[vc_empty_space][vc_custom_heading text=\u00bbVisual Army Community\u00bb font_container=\u00bbtag:h2|font_size:12|text_align:center|color:%23707070&#8243; google_fonts=\u00bbfont_family:Muli%3A300%2C300italic%2Cregular%2Citalic|font_style:400%20regular%3A400%3Anormal\u00bb][vc_icon icon_fontawesome=\u00bbfab fa-instagram\u00bb color=\u00bbcustom\u00bb align=\u00bbcenter\u00bb custom_color=\u00bb#dddddd\u00bb link=\u00bburl:https%3A%2F%2Fwww.instagram.com%2Fvisualarmy%2F||target:%20_blank\u00bb]<\/div><\/div><div class=\"col-md-4\"><div class=\"cs-column-inner\">[vc_empty_space]<\/div><\/div><\/div><\/div><\/section><section class=\"cs-section\"><div class=\"container\"><div class=\"row\"><div class=\"col-md-12\"><div class=\"cs-column-inner\">[vc_empty_space height=\u00bb60px\u00bb]<\/div><\/div><\/div><\/div><\/section>\n","protected":false},"excerpt":{"rendered":"<p><span class=\"entry-read-more\"><a href=\"https:\/\/visual-army.com\/?page_id=62\" class=\"cs-btn cs-btn-flat cs-btn-rounded cs-btn-xxs cs-btn-flat-accent\">Leer m\u00e1s<\/a><\/span><\/p>\n","protected":false},"author":1,"featured_media":1032,"parent":0,"menu_order":0,"comment_status":"closed","ping_status":"closed","template":"templates\/page-full-100-width.php","meta":{"footnotes":""},"class_list":["post-62","page","type-page","status-publish","has-post-thumbnail","hentry"],"_links":{"self":[{"href":"https:\/\/visual-army.com\/index.php?rest_route=\/wp\/v2\/pages\/62","targetHints":{"allow":["GET"]}}],"collection":[{"href":"https:\/\/visual-army.com\/index.php?rest_route=\/wp\/v2\/pages"}],"about":[{"href":"https:\/\/visual-army.com\/index.php?rest_route=\/wp\/v2\/types\/page"}],"author":[{"embeddable":true,"href":"https:\/\/visual-army.com\/index.php?rest_route=\/wp\/v2\/users\/1"}],"replies":[{"embeddable":true,"href":"https:\/\/visual-army.com\/index.php?rest_route=%2Fwp%2Fv2%2Fcomments&post=62"}],"version-history":[{"count":16,"href":"https:\/\/visual-army.com\/index.php?rest_route=\/wp\/v2\/pages\/62\/revisions"}],"predecessor-version":[{"id":4001,"href":"https:\/\/visual-army.com\/index.php?rest_route=\/wp\/v2\/pages\/62\/revisions\/4001"}],"wp:featuredmedia":[{"embeddable":true,"href":"https:\/\/visual-army.com\/index.php?rest_route=\/wp\/v2\/media\/1032"}],"wp:attachment":[{"href":"https:\/\/visual-army.com\/index.php?rest_route=%2Fwp%2Fv2%2Fmedia&parent=62"}],"curies":[{"name":"wp","href":"https:\/\/api.w.org\/{rel}","templated":true}]}}