{"id":9,"date":"2016-03-01T11:38:21","date_gmt":"2016-03-01T11:38:21","guid":{"rendered":"https:\/\/visual-army.com\/?page_id=9"},"modified":"2023-12-14T23:45:25","modified_gmt":"2023-12-14T23:45:25","slug":"galeria-render","status":"publish","type":"page","link":"https:\/\/visual-army.com\/?page_id=9","title":{"rendered":"proyectos"},"content":{"rendered":"<section class=\"cs-section\"><div class=\"container\"><div class=\"row\"><div class=\"col-md-12\"><div class=\"cs-column-inner\">[vc_empty_space height=\u00bb50&#8243;]<div class=\"cs-column-text\"><h1 style=\"text-align: center;\"><span style=\"font-size: 18pt;\">GALERIA DE RENDER<\/span><\/h1>\n<p style=\"text-align: center;\">by Visual Army<\/p>\n<\/div>[vc_empty_space height=\u00bb30px\u00bb]<div class=\"cs-column-text vc_custom_1554669786661\"><p style=\"text-align: center;\">Nuestras im\u00e1genes, infograf\u00edas y renders centran toda su atenci\u00f3n en la esencia y conceptos de cada proyecto.<\/p>\n<p style=\"text-align: center;\">Cuando realizamos\u00a0las im\u00e1genes de un proyecto, analizamos cuales son los aspectos m\u00e1s importantes y de mayor relevancia, para potenciar cada uno de los proyectos de una forma determinada.<\/p>\n<p>&nbsp;<\/p>\n<p style=\"text-align: center;\"><a href=\"https:\/\/visual-army.com\/wp-content\/uploads\/2013\/05\/visual_army_favicon.png\" rel=\"attachment wp-att-180\"><img loading=\"lazy\" decoding=\"async\" class=\"alignnone wp-image-180\" src=\"https:\/\/visual-army.com\/wp-content\/uploads\/2013\/05\/visual_army_favicon.png\" alt=\"visual_army_favicon\" width=\"40\" height=\"38\" \/><\/a><\/p>\n<\/div>[vc_masonry_media_grid style=\u00bblazy\u00bb items_per_page=\u00bb30&#8243; gap=\u00bb30&#8243; item=\u00bbmediaGrid_Default\u00bb initial_loading_animation=\u00bbnone\u00bb grid_id=\u00bbvc_gid:1702594379719-15bafd3e-6637-3&#8243; include=\u00bb3885,3954,3883,3890,3927,3942,3943,3892,3907,3891,3893,3911,3898,3920,3930,3915,3895,3918,3902,3916,3947,3904,3909,3939,3926,3937,3906,3931,3908,3910,3913,3914,3932,3903,3917,3936,3919,3922,3938,3921,3887,3901,3944,3923,3941,3928,3896,3935,3929,3912,3884,3924,3940,3925,3946,3945,3933,3934,3905,3894&#8243;][vc_empty_space height=\u00bb10px\u00bb]<\/div><\/div><\/div><\/div><\/section><section class=\"cs-section\"><div class=\"container\"><div class=\"row\"><div class=\"col-md-12\"><div class=\"cs-column-inner\">[vc_empty_space height=\u00bb70px\u00bb]<\/div><\/div><\/div><\/div><\/section>\n","protected":false},"excerpt":{"rendered":"<p><span class=\"entry-read-more\"><a href=\"https:\/\/visual-army.com\/?page_id=9\" class=\"cs-btn cs-btn-flat cs-btn-rounded cs-btn-xxs cs-btn-flat-accent\">Leer m\u00e1s<\/a><\/span><\/p>\n","protected":false},"author":1,"featured_media":1473,"parent":0,"menu_order":0,"comment_status":"closed","ping_status":"closed","template":"templates\/page-full-100-width.php","meta":{"footnotes":""},"class_list":["post-9","page","type-page","status-publish","has-post-thumbnail","hentry"],"_links":{"self":[{"href":"https:\/\/visual-army.com\/index.php?rest_route=\/wp\/v2\/pages\/9","targetHints":{"allow":["GET"]}}],"collection":[{"href":"https:\/\/visual-army.com\/index.php?rest_route=\/wp\/v2\/pages"}],"about":[{"href":"https:\/\/visual-army.com\/index.php?rest_route=\/wp\/v2\/types\/page"}],"author":[{"embeddable":true,"href":"https:\/\/visual-army.com\/index.php?rest_route=\/wp\/v2\/users\/1"}],"replies":[{"embeddable":true,"href":"https:\/\/visual-army.com\/index.php?rest_route=%2Fwp%2Fv2%2Fcomments&post=9"}],"version-history":[{"count":49,"href":"https:\/\/visual-army.com\/index.php?rest_route=\/wp\/v2\/pages\/9\/revisions"}],"predecessor-version":[{"id":3977,"href":"https:\/\/visual-army.com\/index.php?rest_route=\/wp\/v2\/pages\/9\/revisions\/3977"}],"wp:featuredmedia":[{"embeddable":true,"href":"https:\/\/visual-army.com\/index.php?rest_route=\/wp\/v2\/media\/1473"}],"wp:attachment":[{"href":"https:\/\/visual-army.com\/index.php?rest_route=%2Fwp%2Fv2%2Fmedia&parent=9"}],"curies":[{"name":"wp","href":"https:\/\/api.w.org\/{rel}","templated":true}]}}